{"id":2545,"date":"2022-02-15T12:56:53","date_gmt":"2022-02-15T12:56:53","guid":{"rendered":"https:\/\/eneroptim.ro\/fr\/?page_id=2545"},"modified":"2022-03-10T13:00:49","modified_gmt":"2022-03-10T13:00:49","slug":"injectie-de-curent-multifrecventa","status":"publish","type":"page","link":"https:\/\/eneroptim.ro\/fr\/produse\/injectie-de-curent-multifrecventa\/","title":{"rendered":"Injectie de curent multifrecventa"},"content":{"rendered":"\n<div class=\"wp-block-stackable-columns alignfull stk-block-columns stk-block stk-46a5810\" data-block-id=\"46a5810\"><style>.stk-46a5810{min-height:900px !important;margin-top:-70px !important;display:flex !important}.stk-46a5810{align-items:center !important}.stk-46a5810 > .stk-separator__bottom svg{fill:#0853a2 !important}<\/style><div class=\"stk-row stk-inner-blocks stk-block-content stk-content-align stk-46a5810-column alignwide\">\n<div class=\"wp-block-stackable-column stk-block-column stk-column stk-block stk-7d4dfc8\" data-block-id=\"7d4dfc8\"><style>.stk-7d4dfc8-container{margin-top:10px !important;margin-right:10px !important;margin-bottom:10px !important;margin-left:10px !important}<\/style><div class=\"stk-column-wrapper stk-block-column__content stk-container stk-7d4dfc8-container stk--no-background stk--no-padding\"><div class=\"stk-block-content stk-inner-blocks\">\n<div class=\"wp-block-stackable-columns stk-block-columns stk-block stk-9958e60\" data-block-id=\"9958e60\"><style>.stk-9958e60-column{--stk-column-gap:48px !important}<\/style><div class=\"stk-row stk-inner-blocks stk-block-content stk-content-align stk-9958e60-column\">\n<div class=\"wp-block-stackable-column stk-block-column stk-column stk-block stk-692dba4\" data-block-id=\"692dba4\"><div class=\"stk-column-wrapper stk-block-column__content stk-container stk-692dba4-container stk--no-background stk--no-padding\"><div class=\"stk-block-content stk-inner-blocks\">\n<div class=\"wp-block-stackable-image stk-block-image stk-block stk-fe2fbe1\" data-block-id=\"fe2fbe1\"><style>.stk-fe2fbe1 .stk-img-wrapper img{transform:scale(1) !important;object-fit:contain !important}@media screen and (max-width:1023px){.stk-fe2fbe1 .stk-img-wrapper img{object-fit:contain !important}}@media screen and (max-width:767px){.stk-fe2fbe1 .stk-img-wrapper img{object-fit:contain !important}}.stk-fe2fbe1 .stk-img-wrapper{width:90% !important;height:490px !important}.stk-fe2fbe1 .stk-img-wrapper img{border-radius:0px !important}@media screen and (max-width:767px){.stk-fe2fbe1 .stk-img-wrapper{height:250px !important}}<\/style><figure class=\"stk-img-wrapper stk-image--shape-stretch\"><img loading=\"lazy\" class=\"stk-img wp-image-2594\" src=\"https:\/\/eneroptim.ro\/fr\/wp-content\/uploads\/sites\/14\/2022\/02\/MCI2.png\" width=\"1024\" height=\"768\" srcset=\"https:\/\/eneroptim.ro\/fr\/wp-content\/uploads\/sites\/14\/2022\/02\/MCI2.png 1024w, https:\/\/eneroptim.ro\/fr\/wp-content\/uploads\/sites\/14\/2022\/02\/MCI2-300x225.png 300w, https:\/\/eneroptim.ro\/fr\/wp-content\/uploads\/sites\/14\/2022\/02\/MCI2-768x576.png 768w\" sizes=\"(max-width: 1024px) 100vw, 1024px\" \/><\/figure><\/div>\n<\/div><\/div><\/div>\n\n\n\n<div class=\"wp-block-stackable-column stk-block-column stk-column stk-block stk-b56986f\" data-block-id=\"b56986f\"><style>.stk-b56986f .stk-block-column__content{display:flex !important}.stk-b56986f .stk-block-column__content{align-items:center !important}<\/style><div class=\"stk-column-wrapper stk-block-column__content stk-container stk-b56986f-container stk--no-background stk--no-padding\"><div class=\"stk-block-content stk-inner-blocks\">\n<div class=\"wp-block-stackable-heading stk-block-heading stk-block stk-db03f9a\" data-block-id=\"db03f9a\"><style>@media screen and (max-width:1023px){.stk-db03f9a .stk-block-heading__text{font-size:22px !important;line-height:1.2em !important}}@media screen and (max-width:767px){.stk-db03f9a .stk-block-heading__text{font-size:20px !important;line-height:1.2em !important}}<\/style><h2 class=\"stk-block-heading__text has-text-align-center\">Injectie de curent multifrecventa, de fabricatie A-Eberle<\/h2><\/div>\n\n\n\n<div class=\"wp-block-stackable-text stk-block-text stk-block stk-c82c9c9\" data-block-id=\"c82c9c9\"><style>.stk-c82c9c9{margin-bottom:1px !important}<\/style><p class=\"stk-block-text__text\">Avantaje principale:<\/p><\/div>\n\n\n\n<div class=\"wp-block-stackable-icon-list stk-block-icon-list stk-block stk-40a1cd8\" data-block-id=\"40a1cd8\"><style>.stk-40a1cd8{margin-bottom:5px !important}.stk-40a1cd8 ul li{list-style-image:url('data:image\/svg+xml;base64,PHN2ZyB4bWxucz0iaHR0cDovL3d3dy53My5vcmcvMjAwMC9zdmciIHZpZXdCb3g9IjAgMCAxOTAgMTkwIiBzdHlsZT0iZmlsbDogIzAwMCAhaW1wb3J0YW50OyBjb2xvcjogIzAwMCAhaW1wb3J0YW50O3RyYW5zZm9ybTogcm90YXRlKGRlZykgIWltcG9ydGFudDsiPjxwb2x5Z29uIHBvaW50cz0iMTczLjgsMjguNCA2MC40LDE0MS44IDE1LjcsOTcuMiA1LjEsMTA3LjggNjAuNCwxNjMgMTg0LjQsMzkgMTczLjgsMjguNCIgZmlsbD0iIzAwMCIgc3Ryb2tlPSIjMDAwIiBzdHlsZT0iZmlsbDogcmdiKDAsIDAsIDApOyBzdHJva2U6IHJnYigwLCAwLCAwKTsiLz48L3N2Zz4=') !important}<\/style><ul><li>dimensiuni compacte<\/li><li>fara bobine de inductie, cum este in cazul injectiilor de curent, clasice<\/li><li>nu necesita transformator de tensiune suplimentar<\/li><\/ul><\/div>\n\n\n\n<p>Datorit\u0103 formei compacte, se poate \u00eencadra \u00een orice dulap de comand\u0103 existent. \u00cen timpul func\u021bion\u0103rii, p\u00e2n\u0103 la opt frecven\u021be diferite pot fi introduse in \u00eenf\u0103\u0219urarea de putere auxiliar\u0103 a bobinei de stingere, f\u0103r\u0103 inductori suplimentari, cum este in cazul injec\u021biilor de curent clasice.<\/p>\n\n\n\n<p>Procesul clasic de acordare a bobinei de stingere, adic\u0103 c\u0103utarea curbei de rezonan\u021b\u0103 pe intreaga curs\u0103 a bobinei, nu se realizeaza intotdeauna cu succes, in functie de anumite situa\u021bii din re\u021bea. A-EBELE a dezvoltat aceast\u0103 injec\u021bie de curent tocmai pentru situatiile din ce \u00een ce mai frecvente \u00een care tensiunea de secven\u021b\u0103 homopolara este foarte perturbat\u0103 sau supus\u0103 influen\u021belor extreme sau \u00een care re\u021belele sunt foarte simetrice. Injec\u021bia de curent creeaz\u0103 un semnal care este alimentat \u00een re\u021bea prin \u00eenf\u0103\u0219urarea de putere auxiliar\u0103 a bobinei de stingere a arcului. Din reac\u021bia primita din re\u021bea, combinatia dintre cele doua echipamente, REG-DP(A) \u0219i injec\u021bia de curent MCI, este capabila s\u0103 calculeze o curb\u0103 de rezonan\u021b\u0103 chiar si cu o tensiune de secven\u021b\u0103 homopolara sc\u0103zut\u0103 sau foarte variabil\u0103. <\/p>\n\n\n\n<div class=\"wp-block-stackable-button-group aligncenter stk-block-button-group stk-block stk-b48a0bb\" data-block-id=\"b48a0bb\"><div class=\"stk-row stk-inner-blocks has-text-align-center stk-block-content stk-button-group\">\n<div class=\"wp-block-stackable-button stk-block-button stk-block stk-0826d47\" data-block-id=\"0826d47\"><a class=\"stk-link stk-button stk--hover-effect-darken\" href=\"https:\/\/www.a-eberle.de\/produkte\/mci-multi-frequency-current-injection-for-low-or-highly-variable-zero-sequence-voltages\/?lang=en\" target=\"_blank\" rel=\"noreferrer noopener\"><span class=\"stk-button__inner-text\">Link producator<\/span><\/a><\/div>\n\n\n\n<div class=\"wp-block-stackable-button stk-block-button is-style-ghost stk-block stk-815a2f3\" data-block-id=\"815a2f3\"><style>.stk-815a2f3 .stk-button{background:transparent !important}.stk-815a2f3 .stk-button:hover:after{background:transparent !important;opacity:1 !important}:where(.stk-hover-parent:hover,.stk-hover-parent.stk--is-hovered) .stk-815a2f3 .stk-button:after{background:transparent !important;opacity:1 !important}.stk-815a2f3 .stk-button:before{border-style:solid !important}<\/style><a class=\"stk-link stk-button stk--hover-effect-darken\" href=\"https:\/\/eneroptim.ro\/fr\/wp-content\/uploads\/sites\/14\/2022\/02\/Injectie-de-curent-multifrecventa-A-EBELRE-acord-automat-bobina-de-stingere-MCI_EN.pdf\" target=\"_blank\" rel=\"noreferrer noopener\"><span class=\"stk-button__inner-text\">MCI<\/span><\/a><\/div>\n<\/div><\/div>\n\n\n\n<p><\/p>\n<\/div><\/div><\/div>\n<\/div><\/div>\n<\/div><\/div><\/div>\n<\/div><\/div>\n","protected":false},"excerpt":{"rendered":"<p>Injectie de curent multifrecventa, de fabricatie A-Eberle Avantaje principale: dimensiuni compacte fara bobine de inductie, cum este in cazul injectiilor de curent, clasice nu necesita transformator de tensiune suplimentar Datorit\u0103 formei compacte, se poate \u00eencadra \u00een orice dulap de comand\u0103 existent. \u00cen timpul func\u021bion\u0103rii, p\u00e2n\u0103 la opt frecven\u021be diferite pot fi introduse in \u00eenf\u0103\u0219urarea de&hellip;<\/p>\n","protected":false},"author":2,"featured_media":0,"parent":1712,"menu_order":0,"comment_status":"closed","ping_status":"closed","template":"","meta":{"_generate-full-width-content":""},"featured_image_urls":{"full":"","thumbnail":"","medium":"","medium_large":"","large":"","1536x1536":"","2048x2048":""},"post_excerpt_stackable":"<p>Injectie de curent multifrecventa, de fabricatie A-Eberle Avantaje principale: dimensiuni compactefara bobine de inductie, cum este in cazul injectiilor de curent, clasicenu necesita transformator de tensiune suplimentar Datorit\u0103 formei compacte, se poate \u00eencadra \u00een orice dulap de comand\u0103 existent. \u00cen timpul func\u021bion\u0103rii, p\u00e2n\u0103 la opt frecven\u021be diferite pot fi introduse in \u00eenf\u0103\u0219urarea de putere auxiliar\u0103 a bobinei de stingere, f\u0103r\u0103 inductori suplimentari, cum este in cazul injec\u021biilor de curent clasice. Procesul clasic de acordare a bobinei de stingere, adic\u0103 c\u0103utarea curbei de rezonan\u021b\u0103 pe intreaga curs\u0103 a bobinei, nu se realizeaza intotdeauna cu succes, in functie de anumite situa\u021bii din\u2026<\/p>\n","category_list":"","author_info":{"name":"bogdan","url":"https:\/\/eneroptim.ro\/fr\/author\/bogdan\/"},"comments_num":"0 commentaire","_links":{"self":[{"href":"https:\/\/eneroptim.ro\/fr\/wp-json\/wp\/v2\/pages\/2545"}],"collection":[{"href":"https:\/\/eneroptim.ro\/fr\/wp-json\/wp\/v2\/pages"}],"about":[{"href":"https:\/\/eneroptim.ro\/fr\/wp-json\/wp\/v2\/types\/page"}],"author":[{"embeddable":true,"href":"https:\/\/eneroptim.ro\/fr\/wp-json\/wp\/v2\/users\/2"}],"replies":[{"embeddable":true,"href":"https:\/\/eneroptim.ro\/fr\/wp-json\/wp\/v2\/comments?post=2545"}],"version-history":[{"count":15,"href":"https:\/\/eneroptim.ro\/fr\/wp-json\/wp\/v2\/pages\/2545\/revisions"}],"predecessor-version":[{"id":3410,"href":"https:\/\/eneroptim.ro\/fr\/wp-json\/wp\/v2\/pages\/2545\/revisions\/3410"}],"up":[{"embeddable":true,"href":"https:\/\/eneroptim.ro\/fr\/wp-json\/wp\/v2\/pages\/1712"}],"wp:attachment":[{"href":"https:\/\/eneroptim.ro\/fr\/wp-json\/wp\/v2\/media?parent=2545"}],"curies":[{"name":"wp","href":"https:\/\/api.w.org\/{rel}","templated":true}]}}