{"id":2804,"date":"2022-03-01T12:34:38","date_gmt":"2022-03-01T12:34:38","guid":{"rendered":"https:\/\/eneroptim.ro\/fr\/?page_id=2804"},"modified":"2022-03-03T13:16:04","modified_gmt":"2022-03-03T13:16:04","slug":"techimp","status":"publish","type":"page","link":"https:\/\/eneroptim.ro\/fr\/furnizori\/techimp\/","title":{"rendered":"TECHIMP"},"content":{"rendered":"\n<div class=\"wp-block-stackable-columns stk-block-columns stk-block stk-8b51f01\" data-block-id=\"8b51f01\"><div class=\"stk-row stk-inner-blocks stk-block-content stk-content-align stk-8b51f01-column\">\n<div class=\"wp-block-stackable-column stk-block-column stk-column stk-block stk-13d132a\" data-block-id=\"13d132a\"><style>.stk-13d132a .stk-block-column__content{display:flex !important}.stk-13d132a .stk-block-column__content{align-items:center !important}<\/style><div class=\"stk-column-wrapper stk-block-column__content stk-container stk-13d132a-container stk-hover-parent\"><div class=\"stk-block-content stk-inner-blocks\">\n<div class=\"wp-block-stackable-image stk-block-image stk-block stk-13635f0\" data-block-id=\"13635f0\"><style>.stk-13635f0{margin-top:20px !important}.stk-13635f0 .stk-img-wrapper{filter:drop-shadow(0px 0 1px rgba(120,120,120,0.5)) !important}<\/style><figure class=\"stk-img-wrapper stk-image--shape-stretch stk--shadow-0px 0 1px rgba(120, 120, 120, 0.5)\"><img loading=\"lazy\" class=\"stk-img wp-image-2811\" src=\"https:\/\/eneroptim.ro\/fr\/wp-content\/uploads\/sites\/14\/2022\/03\/techimp.png\" width=\"300\" height=\"150\"\/><\/figure><\/div>\n<\/div><\/div><\/div>\n\n\n\n<div class=\"wp-block-stackable-column stk-block-column stk-column stk-block stk-20313d3\" data-block-id=\"20313d3\"><style>.stk-20313d3 .stk-block-column__content{display:flex !important}.stk-20313d3 .stk-block-column__content{align-items:center !important}<\/style><div class=\"stk-column-wrapper stk-block-column__content stk-container stk-20313d3-container stk--no-background stk--no-padding\"><div class=\"has-text-align-left stk-block-content stk-inner-blocks\">\n<div class=\"wp-block-stackable-icon-label stk-block-icon-label stk-block stk-e8e912a stk-block-background\" data-block-id=\"e8e912a\"><div class=\"stk-row stk-inner-blocks stk-block-content\">\n<div class=\"wp-block-stackable-icon stk-block-icon has-text-align-left stk-block stk-009a532\" data-block-id=\"009a532\"><span class=\"stk--svg-wrapper\"><div class=\"stk--inner-svg\"><svg style=\"height:0;width:0\"><defs><linearGradient id=\"linear-gradient-009a532\" x1=\"0\" x2=\"100%\" y1=\"0\" y2=\"0\"><stop offset=\"0%\" style=\"stop-opacity:1;stop-color:var(--linear-gradient-009-a-532-color-1)\"><\/stop><stop offset=\"100%\" style=\"stop-opacity:1;stop-color:var(--linear-gradient-009-a-532-color-2)\"><\/stop><\/linearGradient><\/defs><\/svg><svg aria-hidden=\"true\" focusable=\"false\" data-prefix=\"fas\" data-icon=\"map-marker-alt\" class=\"svg-inline--fa fa-map-marker-alt fa-w-12\" xmlns=\"http:\/\/www.w3.org\/2000\/svg\" viewBox=\"0 0 384 512\" width=\"32\" height=\"32\"><path fill=\"currentColor\" d=\"M172.268 501.67C26.97 291.031 0 269.413 0 192 0 85.961 85.961 0 192 0s192 85.961 192 192c0 77.413-26.97 99.031-172.268 309.67-9.535 13.774-29.93 13.773-39.464 0zM192 272c44.183 0 80-35.817 80-80s-35.817-80-80-80-80 35.817-80 80 35.817 80 80 80z\"><\/path><\/svg><\/div><\/span><\/div>\n\n\n\n<div class=\"wp-block-stackable-heading stk-block-heading stk-block stk-72b773e\" data-block-id=\"72b773e\"><p class=\"stk-block-heading__text\"><strong>Tara de origine:<\/strong> ITALIA<\/p><\/div>\n<\/div><\/div>\n\n\n\n<div class=\"wp-block-stackable-icon-label stk-block-icon-label stk-block stk-2d02121 stk-block-background\" data-block-id=\"2d02121\"><div class=\"stk-row stk-inner-blocks stk-block-content\">\n<div class=\"wp-block-stackable-icon stk-block-icon has-text-align-left stk-block stk-43c98a7\" data-block-id=\"43c98a7\"><span class=\"stk--svg-wrapper\"><div class=\"stk--inner-svg\"><svg style=\"height:0;width:0\"><defs><linearGradient id=\"linear-gradient-43c98a7\" x1=\"0\" x2=\"100%\" y1=\"0\" y2=\"0\"><stop offset=\"0%\" style=\"stop-opacity:1;stop-color:var(--linear-gradient-43-c-98-a-7-color-1)\"><\/stop><stop offset=\"100%\" style=\"stop-opacity:1;stop-color:var(--linear-gradient-43-c-98-a-7-color-2)\"><\/stop><\/linearGradient><\/defs><\/svg><svg aria-hidden=\"true\" focusable=\"false\" data-prefix=\"fas\" data-icon=\"globe-africa\" class=\"svg-inline--fa fa-globe-africa fa-w-16\" xmlns=\"http:\/\/www.w3.org\/2000\/svg\" viewBox=\"0 0 496 512\" width=\"32\" height=\"32\"><path fill=\"currentColor\" d=\"M248 8C111.03 8 0 119.03 0 256s111.03 248 248 248 248-111.03 248-248S384.97 8 248 8zm160 215.5v6.93c0 5.87-3.32 11.24-8.57 13.86l-15.39 7.7a15.485 15.485 0 0 1-15.53-.97l-18.21-12.14a15.52 15.52 0 0 0-13.5-1.81l-2.65.88c-9.7 3.23-13.66 14.79-7.99 23.3l13.24 19.86c2.87 4.31 7.71 6.9 12.89 6.9h8.21c8.56 0 15.5 6.94 15.5 15.5v11.34c0 3.35-1.09 6.62-3.1 9.3l-18.74 24.98c-1.42 1.9-2.39 4.1-2.83 6.43l-4.3 22.83c-.62 3.29-2.29 6.29-4.76 8.56a159.608 159.608 0 0 0-25 29.16l-13.03 19.55a27.756 27.756 0 0 1-23.09 12.36c-10.51 0-20.12-5.94-24.82-15.34a78.902 78.902 0 0 1-8.33-35.29V367.5c0-8.56-6.94-15.5-15.5-15.5h-25.88c-14.49 0-28.38-5.76-38.63-16a54.659 54.659 0 0 1-16-38.63v-14.06c0-17.19 8.1-33.38 21.85-43.7l27.58-20.69a54.663 54.663 0 0 1 32.78-10.93h.89c8.48 0 16.85 1.97 24.43 5.77l14.72 7.36c3.68 1.84 7.93 2.14 11.83.84l47.31-15.77c6.33-2.11 10.6-8.03 10.6-14.7 0-8.56-6.94-15.5-15.5-15.5h-10.09c-4.11 0-8.05-1.63-10.96-4.54l-6.92-6.92a15.493 15.493 0 0 0-10.96-4.54H199.5c-8.56 0-15.5-6.94-15.5-15.5v-4.4c0-7.11 4.84-13.31 11.74-15.04l14.45-3.61c3.74-.94 7-3.23 9.14-6.44l8.08-12.11c2.87-4.31 7.71-6.9 12.89-6.9h24.21c8.56 0 15.5-6.94 15.5-15.5v-21.7C359.23 71.63 422.86 131.02 441.93 208H423.5c-8.56 0-15.5 6.94-15.5 15.5z\"><\/path><\/svg><\/div><\/span><\/div>\n\n\n\n<div class=\"wp-block-stackable-heading stk-block-heading stk-block stk-a9d8d47\" data-block-id=\"a9d8d47\"><p class=\"stk-block-heading__text\"><strong>Website:<\/strong> <a href=\"https:\/\/www.techimp.com\/\" target=\"_blank\" rel=\"noreferrer noopener\">www.techimp.com<\/a><\/p><\/div>\n<\/div><\/div>\n\n\n\n<div class=\"wp-block-stackable-icon-label stk-block-icon-label stk-block stk-6408ba8 stk-block-background\" data-block-id=\"6408ba8\"><div class=\"stk-row stk-inner-blocks stk-block-content\">\n<div class=\"wp-block-stackable-icon stk-block-icon has-text-align-left stk-block stk-afa1305\" data-block-id=\"afa1305\"><span class=\"stk--svg-wrapper\"><div class=\"stk--inner-svg\"><svg style=\"height:0;width:0\"><defs><linearGradient id=\"linear-gradient-afa1305\" x1=\"0\" x2=\"100%\" y1=\"0\" y2=\"0\"><stop offset=\"0%\" style=\"stop-opacity:1;stop-color:var(--linear-gradient-afa-1305-color-1)\"><\/stop><stop offset=\"100%\" style=\"stop-opacity:1;stop-color:var(--linear-gradient-afa-1305-color-2)\"><\/stop><\/linearGradient><\/defs><\/svg><svg aria-hidden=\"true\" focusable=\"false\" data-prefix=\"fas\" data-icon=\"info-circle\" class=\"svg-inline--fa fa-info-circle fa-w-16\" xmlns=\"http:\/\/www.w3.org\/2000\/svg\" viewBox=\"0 0 512 512\" width=\"32\" height=\"32\"><path fill=\"currentColor\" d=\"M256 8C119.043 8 8 119.083 8 256c0 136.997 111.043 248 248 248s248-111.003 248-248C504 119.083 392.957 8 256 8zm0 110c23.196 0 42 18.804 42 42s-18.804 42-42 42-42-18.804-42-42 18.804-42 42-42zm56 254c0 6.627-5.373 12-12 12h-88c-6.627 0-12-5.373-12-12v-24c0-6.627 5.373-12 12-12h12v-64h-12c-6.627 0-12-5.373-12-12v-24c0-6.627 5.373-12 12-12h64c6.627 0 12 5.373 12 12v100h12c6.627 0 12 5.373 12 12v24z\"><\/path><\/svg><\/div><\/span><\/div>\n\n\n\n<div class=\"wp-block-stackable-heading stk-block-heading stk-block stk-8ac0abe\" data-block-id=\"8ac0abe\"><p class=\"stk-block-heading__text\"><strong>Despre: <\/strong>TECHIMP- Grupul Altanova este un juc\u0103tor important \u00een evaluarea st\u0103rii \u0219i monitorizarea permanent\u0103 a activit\u0103\u021bilor de desc\u0103rcare par\u021bial\u0103 a activelor electrice. Cu sediul \u00een Bologna, TECHIMP este o companie inovatoare care dezvolt\u0103, produce \u0219i distribuie produse de calitate \u0219i ofer\u0103 servicii de diagnosticare a desc\u0103rc\u0103rilor par\u021biale \u0219i solu\u021bii de monitorizare care acoper\u0103 toate activele electrice de \u00eenalt\u0103 si medie tensiune.<\/p><\/div>\n<\/div><\/div>\n<\/div><\/div><\/div>\n<\/div><\/div>\n\n\n\n<p>\u00cenfiin\u021bat\u0103 \u00een 1999 ca un spin-off al Universit\u0103\u021bii din Bologna, TECHIMP este juc\u0103torul major \u00een evaluarea st\u0103rii \u0219i monitorizarea permanent\u0103 a activit\u0103\u021bilor de desc\u0103rcare par\u021bial\u0103 a activelor electrice. Situat \u00een Bologna, TECHIMP dezvolt\u0103, produce \u0219i distribuie produse, sisteme \u0219i ofer\u0103 servicii pentru mai multe aplica\u021bii precum controlul calit\u0103\u021bii, teste de punere \u00een func\u021biune, m\u0103sur\u0103tori on-line\/off-line \u0219i monitorizare permanent\u0103.<\/p>\n\n\n\n<div class=\"wp-block-columns has-3-columns\" data-block-type=\"core\">\n<div class=\"wp-block-column\" data-block-type=\"core\">\n<div class=\"wp-block-image\" data-block-type=\"core\"><figure class=\"aligncenter size-full\"><img loading=\"lazy\" width=\"1024\" height=\"768\" src=\"https:\/\/eneroptim.ro\/fr\/wp-content\/uploads\/sites\/14\/2022\/03\/Sisteme-Techimp-2.png\" alt=\"\" class=\"wp-image-2830\" srcset=\"https:\/\/eneroptim.ro\/fr\/wp-content\/uploads\/sites\/14\/2022\/03\/Sisteme-Techimp-2.png 1024w, https:\/\/eneroptim.ro\/fr\/wp-content\/uploads\/sites\/14\/2022\/03\/Sisteme-Techimp-2-300x225.png 300w, https:\/\/eneroptim.ro\/fr\/wp-content\/uploads\/sites\/14\/2022\/03\/Sisteme-Techimp-2-768x576.png 768w\" sizes=\"(max-width: 1024px) 100vw, 1024px\" \/><\/figure><\/div>\n\n\n\n<h4 class=\"has-text-align-center\" id=\"bobine-trifazate-de-reactanta-tkfc\" data-block-type=\"core\">PRODUSE<\/h4>\n\n\n\n<p class=\"has-text-align-center\">Produse de calitate pentru monitorizarea descarcarilor partiale: senzori \u0219i accesorii, unit\u0103\u021bi de achizi\u021bie, SCADA \u0219i software de diagnosticare avansat\u0103 <\/p>\n\n\n\n<div class=\"wp-container-1 wp-block-buttons\" data-block-type=\"core\">\n<div class=\"wp-block-button aligncenter is-style-default\" data-block-type=\"core\"><a class=\"wp-block-button__link has-text-color has-background\" href=\"https:\/\/www.altanova-group.com\/en\/products\/partial-discharge-tests\/altanova-catalogo\" style=\"background-color:#d2eefa;color:#1fa7e7\" target=\"_blank\" rel=\"noreferrer noopener\">Detalii<\/a><\/div>\n<\/div>\n\n\n\n<div class=\"wp-block-stackable-divider stk-block-divider stk--hide-desktop stk--hide-tablet stk-block stk-44d03ee\" data-block-id=\"44d03ee\"><style>@media screen and (max-width:767px){.stk-44d03ee{margin-top:30px !important;margin-bottom:30px !important}}.stk-44d03ee hr.stk-block-divider__hr{height:1px !important}<\/style><hr class=\"stk-block-divider__hr\"\/><\/div>\n<\/div>\n\n\n\n<div class=\"wp-block-column\" data-block-type=\"core\">\n<div class=\"wp-block-image\" data-block-type=\"core\"><figure class=\"aligncenter size-full\"><img loading=\"lazy\" width=\"1024\" height=\"768\" src=\"https:\/\/eneroptim.ro\/fr\/wp-content\/uploads\/sites\/14\/2022\/03\/Sisteme-Techimp-3.png\" alt=\"\" class=\"wp-image-2831\" srcset=\"https:\/\/eneroptim.ro\/fr\/wp-content\/uploads\/sites\/14\/2022\/03\/Sisteme-Techimp-3.png 1024w, https:\/\/eneroptim.ro\/fr\/wp-content\/uploads\/sites\/14\/2022\/03\/Sisteme-Techimp-3-300x225.png 300w, https:\/\/eneroptim.ro\/fr\/wp-content\/uploads\/sites\/14\/2022\/03\/Sisteme-Techimp-3-768x576.png 768w\" sizes=\"(max-width: 1024px) 100vw, 1024px\" \/><\/figure><\/div>\n\n\n\n<h4 class=\"has-text-align-center\" id=\"transformatoare-pentru-creare-nulului-retelelor-mt-si-servicii-proprii-in-statii-de-transformare\" data-block-type=\"core\">SISTEME DE MONITORIZARE<\/h4>\n\n\n\n<p class=\"has-text-align-center\">Cele mai avansate sisteme de monitorizare globale pentru \u00eentre\u021binerea predictiv\u0103 a tuturor tipurilor de active electrice de \u00eenalt\u0103 \u0219i medie tensiune.<\/p>\n\n\n\n<div class=\"wp-container-2 wp-block-buttons\" data-block-type=\"core\">\n<div class=\"wp-block-button aligncenter is-style-default\" data-block-type=\"core\"><a class=\"wp-block-button__link has-text-color has-background\" href=\"https:\/\/www.altanova-group.com\/en\/products\/global-monitoring\/altanova-catalogo\" style=\"background-color:#d2eefa;color:#1fa7e7\" target=\"_blank\" rel=\"noreferrer noopener\">Detalii<\/a><\/div>\n<\/div>\n\n\n\n<div class=\"wp-block-stackable-divider stk-block-divider stk--hide-desktop stk--hide-tablet stk-block stk-caa7484\" data-block-id=\"caa7484\"><style>@media screen and (max-width:767px){.stk-caa7484{margin-top:30px !important;margin-bottom:30px !important}}.stk-caa7484 hr.stk-block-divider__hr{height:1px !important}<\/style><hr class=\"stk-block-divider__hr\"\/><\/div>\n<\/div>\n\n\n\n<div class=\"wp-block-column\" data-block-type=\"core\">\n<div id=\"tratarea-neutrului\" class=\"wp-block-image\" data-block-type=\"core\"><figure class=\"aligncenter size-full\"><img loading=\"lazy\" width=\"1024\" height=\"768\" src=\"https:\/\/eneroptim.ro\/fr\/wp-content\/uploads\/sites\/14\/2022\/03\/Sisteme-Techimp-4.png\" alt=\"\" class=\"wp-image-2834\" title=\"\" srcset=\"https:\/\/eneroptim.ro\/fr\/wp-content\/uploads\/sites\/14\/2022\/03\/Sisteme-Techimp-4.png 1024w, https:\/\/eneroptim.ro\/fr\/wp-content\/uploads\/sites\/14\/2022\/03\/Sisteme-Techimp-4-300x225.png 300w, https:\/\/eneroptim.ro\/fr\/wp-content\/uploads\/sites\/14\/2022\/03\/Sisteme-Techimp-4-768x576.png 768w\" sizes=\"(max-width: 1024px) 100vw, 1024px\" \/><\/figure><\/div>\n\n\n\n<h4 class=\"has-text-align-center\" id=\"bobine-de-stingere-cu-reglaj-continuu-pentru-tratarea-neutrului-din-retelele-de-medie-tensiune\" data-block-type=\"core\">SERVICII<\/h4>\n\n\n\n<p class=\"has-text-align-center\">Cu peste 4000 de servicii \u0219i instala\u021bii, Techimp a atins excelen\u021ba \u00een transformarea cercet\u0103rii \u0219i inova\u021biei \u00een aplica\u021bii practice, dovedite pe teren.<\/p>\n\n\n\n<div class=\"wp-container-3 wp-block-buttons\" data-block-type=\"core\">\n<div class=\"wp-block-button aligncenter is-style-default\" data-block-type=\"core\"><a class=\"wp-block-button__link has-text-color has-background\" href=\"https:\/\/www.altanova-group.com\/en\/services\/commissioning\" style=\"background-color:#d2eefa;color:#1fa7e7\" target=\"_blank\" rel=\"noreferrer noopener\">Detalii<\/a><\/div>\n<\/div>\n\n\n\n<div class=\"wp-block-stackable-divider stk-block-divider stk--hide-desktop stk--hide-tablet stk-block stk-75b9f83\" data-block-id=\"75b9f83\"><style>@media screen and (max-width:767px){.stk-75b9f83{margin-top:30px !important;margin-bottom:30px !important}}.stk-75b9f83 hr.stk-block-divider__hr{height:1px !important}<\/style><hr class=\"stk-block-divider__hr\"\/><\/div>\n<\/div>\n<\/div>\n","protected":false},"excerpt":{"rendered":"<p>Tara de origine: ITALIA Website: www.techimp.com Despre: TECHIMP- Grupul Altanova este un juc\u0103tor important \u00een evaluarea st\u0103rii \u0219i monitorizarea permanent\u0103 a activit\u0103\u021bilor de desc\u0103rcare par\u021bial\u0103 a activelor electrice. Cu sediul \u00een Bologna, TECHIMP este o companie inovatoare care dezvolt\u0103, produce \u0219i distribuie produse de calitate \u0219i ofer\u0103 servicii de diagnosticare a desc\u0103rc\u0103rilor par\u021biale \u0219i solu\u021bii&hellip;<\/p>\n","protected":false},"author":2,"featured_media":0,"parent":1730,"menu_order":0,"comment_status":"closed","ping_status":"closed","template":"","meta":{"_generate-full-width-content":""},"featured_image_urls":{"full":"","thumbnail":"","medium":"","medium_large":"","large":"","1536x1536":"","2048x2048":""},"post_excerpt_stackable":"<p>Tara de origine: ITALIA Website: www.techimp.com Despre: TECHIMP- Grupul Altanova este un juc\u0103tor important \u00een evaluarea st\u0103rii \u0219i monitorizarea permanent\u0103 a activit\u0103\u021bilor de desc\u0103rcare par\u021bial\u0103 a activelor electrice. Cu sediul \u00een Bologna, TECHIMP este o companie inovatoare care dezvolt\u0103, produce \u0219i distribuie produse de calitate \u0219i ofer\u0103 servicii de diagnosticare a desc\u0103rc\u0103rilor par\u021biale \u0219i solu\u021bii de monitorizare care acoper\u0103 toate activele electrice de \u00eenalt\u0103 si medie tensiune. \u00cenfiin\u021bat\u0103 \u00een 1999 ca un spin-off al Universit\u0103\u021bii din Bologna, TECHIMP este juc\u0103torul major \u00een evaluarea st\u0103rii \u0219i monitorizarea permanent\u0103 a activit\u0103\u021bilor de desc\u0103rcare par\u021bial\u0103 a activelor electrice. Situat \u00een Bologna, TECHIMP dezvolt\u0103,\u2026<\/p>\n","category_list":"","author_info":{"name":"bogdan","url":"https:\/\/eneroptim.ro\/fr\/author\/bogdan\/"},"comments_num":"0 commentaire","_links":{"self":[{"href":"https:\/\/eneroptim.ro\/fr\/wp-json\/wp\/v2\/pages\/2804"}],"collection":[{"href":"https:\/\/eneroptim.ro\/fr\/wp-json\/wp\/v2\/pages"}],"about":[{"href":"https:\/\/eneroptim.ro\/fr\/wp-json\/wp\/v2\/types\/page"}],"author":[{"embeddable":true,"href":"https:\/\/eneroptim.ro\/fr\/wp-json\/wp\/v2\/users\/2"}],"replies":[{"embeddable":true,"href":"https:\/\/eneroptim.ro\/fr\/wp-json\/wp\/v2\/comments?post=2804"}],"version-history":[{"count":14,"href":"https:\/\/eneroptim.ro\/fr\/wp-json\/wp\/v2\/pages\/2804\/revisions"}],"predecessor-version":[{"id":3061,"href":"https:\/\/eneroptim.ro\/fr\/wp-json\/wp\/v2\/pages\/2804\/revisions\/3061"}],"up":[{"embeddable":true,"href":"https:\/\/eneroptim.ro\/fr\/wp-json\/wp\/v2\/pages\/1730"}],"wp:attachment":[{"href":"https:\/\/eneroptim.ro\/fr\/wp-json\/wp\/v2\/media?parent=2804"}],"curies":[{"name":"wp","href":"https:\/\/api.w.org\/{rel}","templated":true}]}}